{"id":9626,"date":"2023-07-11T14:03:38","date_gmt":"2023-07-11T13:03:38","guid":{"rendered":"https:\/\/dev.jasmineconseil.com\/guichet-unique-sagide\/"},"modified":"2024-10-22T12:43:53","modified_gmt":"2024-10-22T11:43:53","slug":"guichet-unique-sagide","status":"publish","type":"page","link":"https:\/\/dev.jasmineconseil.com\/en\/guichet-unique-sagide\/","title":{"rendered":"Guichet Unique SAGIDE"},"content":{"rendered":"\t\t<div data-elementor-type=\"wp-page\" data-elementor-id=\"9626\" class=\"elementor elementor-9626 elementor-1862\" data-elementor-post-type=\"page\">\n\t\t\t\t<div class=\"elementor-element elementor-element-09d727c e-flex e-con-boxed e-con e-parent\" data-id=\"09d727c\" data-element_type=\"container\" data-settings=\"{&quot;background_background&quot;:&quot;slideshow&quot;,&quot;background_slideshow_gallery&quot;:[{&quot;id&quot;:2631,&quot;url&quot;:&quot;http:\\\/\\\/dev.jasmineconseil.com\\\/wp-content\\\/uploads\\\/2023\\\/07\\\/carlos-muza-hpjSkU2UYSU-unsplash.jpg&quot;}],&quot;background_slideshow_loop&quot;:&quot;yes&quot;,&quot;background_slideshow_slide_duration&quot;:5000,&quot;background_slideshow_slide_transition&quot;:&quot;fade&quot;,&quot;background_slideshow_transition_duration&quot;:500}\">\n\t\t\t\t\t<div class=\"e-con-inner\">\n\t\t<div class=\"elementor-element elementor-element-2dd1026 e-con-full e-flex e-con e-parent\" data-id=\"2dd1026\" data-element_type=\"container\">\n\t\t\t\t<div class=\"elementor-element elementor-element-45045ac elementor-widget elementor-widget-heading\" data-id=\"45045ac\" data-element_type=\"widget\" data-widget_type=\"heading.default\">\n\t\t\t\t<div class=\"elementor-widget-container\">\n\t\t\t\t\t<h2 class=\"elementor-heading-title elementor-size-default\">Discover our one-stop shop<\/h2>\t\t\t\t<\/div>\n\t\t\t\t<\/div>\n\t\t\t\t<div class=\"elementor-element elementor-element-2f32ae8 elementor-widget__width-initial elementor-widget-mobile__width-initial elementor-widget elementor-widget-heading\" data-id=\"2f32ae8\" data-element_type=\"widget\" data-widget_type=\"heading.default\">\n\t\t\t\t<div class=\"elementor-widget-container\">\n\t\t\t\t\t<p class=\"elementor-heading-title elementor-size-default\">It's a single, comprehensive platform that provides a single point of entry to the one-stop shop, enabling you to satisfy all your formalities and digitize them.<\/p>\t\t\t\t<\/div>\n\t\t\t\t<\/div>\n\t\t\t\t<div class=\"elementor-element elementor-element-4c087ea elementor-widget elementor-widget-button\" data-id=\"4c087ea\" data-element_type=\"widget\" data-widget_type=\"button.default\">\n\t\t\t\t<div class=\"elementor-widget-container\">\n\t\t\t\t\t\t\t\t\t<div class=\"elementor-button-wrapper\">\n\t\t\t\t\t<a class=\"elementor-button elementor-button-link elementor-size-sm\" href=\"https:\/\/dev.jasmineconseil.com\/demosagide\/\">\n\t\t\t\t\t\t<span class=\"elementor-button-content-wrapper\">\n\t\t\t\t\t\t\t\t\t<span class=\"elementor-button-text\">Request a demo<\/span>\n\t\t\t\t\t<\/span>\n\t\t\t\t\t<\/a>\n\t\t\t\t<\/div>\n\t\t\t\t\t\t\t\t<\/div>\n\t\t\t\t<\/div>\n\t\t\t\t<\/div>\n\t\t\t\t\t<\/div>\n\t\t\t\t<\/div>\n\t\t<div class=\"elementor-element elementor-element-0dea512 e-flex e-con-boxed e-con e-parent\" data-id=\"0dea512\" data-element_type=\"container\">\n\t\t\t\t\t<div class=\"e-con-inner\">\n\t\t<div class=\"elementor-element elementor-element-e4c506d e-con-full e-flex e-con e-parent\" data-id=\"e4c506d\" data-element_type=\"container\">\n\t\t<div class=\"elementor-element elementor-element-fbed8bd e-con-full e-flex elementor-invisible e-con e-parent\" data-id=\"fbed8bd\" data-element_type=\"container\" data-settings=\"{&quot;background_background&quot;:&quot;slideshow&quot;,&quot;motion_fx_motion_fx_scrolling&quot;:&quot;yes&quot;,&quot;animation&quot;:&quot;fadeInLeft&quot;,&quot;background_slideshow_gallery&quot;:[],&quot;background_slideshow_loop&quot;:&quot;yes&quot;,&quot;background_slideshow_slide_duration&quot;:5000,&quot;background_slideshow_slide_transition&quot;:&quot;fade&quot;,&quot;background_slideshow_transition_duration&quot;:500,&quot;motion_fx_devices&quot;:[&quot;desktop&quot;,&quot;tablet&quot;,&quot;mobile&quot;]}\">\n\t\t\t\t<div class=\"elementor-element elementor-element-b3e7f6d elementor-widget elementor-widget-image\" data-id=\"b3e7f6d\" data-element_type=\"widget\" data-widget_type=\"image.default\">\n\t\t\t\t<div class=\"elementor-widget-container\">\n\t\t\t\t\t\t\t\t\t\t\t\t\t\t\t<img fetchpriority=\"high\" decoding=\"async\" width=\"1024\" height=\"599\" src=\"https:\/\/dev.jasmineconseil.com\/wp-content\/uploads\/2023\/07\/sagide2-1024x599.png\" class=\"attachment-large size-large wp-image-9435\" alt=\"\" srcset=\"https:\/\/dev.jasmineconseil.com\/wp-content\/uploads\/2023\/07\/sagide2-1024x599.png 1024w, https:\/\/dev.jasmineconseil.com\/wp-content\/uploads\/2023\/07\/sagide2-300x175.png 300w, https:\/\/dev.jasmineconseil.com\/wp-content\/uploads\/2023\/07\/sagide2-768x449.png 768w, https:\/\/dev.jasmineconseil.com\/wp-content\/uploads\/2023\/07\/sagide2-1536x898.png 1536w, https:\/\/dev.jasmineconseil.com\/wp-content\/uploads\/2023\/07\/sagide2.png 1777w\" sizes=\"(max-width: 1024px) 100vw, 1024px\" \/>\t\t\t\t\t\t\t\t\t\t\t\t\t\t\t<\/div>\n\t\t\t\t<\/div>\n\t\t\t\t<\/div>\n\t\t<div class=\"elementor-element elementor-element-7b1c0a9 e-con-full e-flex e-con e-parent\" data-id=\"7b1c0a9\" data-element_type=\"container\" data-settings=\"{&quot;background_background&quot;:&quot;classic&quot;}\">\n\t\t<div class=\"elementor-element elementor-element-866f33e e-flex e-con-boxed e-con e-parent\" data-id=\"866f33e\" data-element_type=\"container\">\n\t\t\t\t\t<div class=\"e-con-inner\">\n\t\t\t\t<div class=\"elementor-element elementor-element-ad4f1df elementor-widget elementor-widget-heading\" data-id=\"ad4f1df\" data-element_type=\"widget\" data-widget_type=\"heading.default\">\n\t\t\t\t<div class=\"elementor-widget-container\">\n\t\t\t\t\t<h2 class=\"elementor-heading-title elementor-size-default\">All-in-one!  <\/h2>\t\t\t\t<\/div>\n\t\t\t\t<\/div>\n\t\t\t\t<div class=\"elementor-element elementor-element-1594a2b elementor-widget__width-initial elementor-widget-mobile__width-initial elementor-widget elementor-widget-heading\" data-id=\"1594a2b\" data-element_type=\"widget\" data-widget_type=\"heading.default\">\n\t\t\t\t<div class=\"elementor-widget-container\">\n\t\t\t\t\t<p class=\"elementor-heading-title elementor-size-default\">SAGIDE-SW groups together a set of related modules covering customs clearance procedures such as sanitary and phytosanitary certificates, exemption documents, certificates of origin, foreign trade documents (import or export licenses)...<\/p>\t\t\t\t<\/div>\n\t\t\t\t<\/div>\n\t\t<div class=\"elementor-element elementor-element-6ceb8cb e-flex e-con-boxed e-con e-parent\" data-id=\"6ceb8cb\" data-element_type=\"container\">\n\t\t\t\t\t<div class=\"e-con-inner\">\n\t\t<div class=\"elementor-element elementor-element-80969ec e-flex e-con-boxed e-con e-parent\" data-id=\"80969ec\" data-element_type=\"container\">\n\t\t\t\t\t<div class=\"e-con-inner\">\n\t\t\t\t<div class=\"elementor-element elementor-element-a431321 elementor-icon-list--layout-traditional elementor-list-item-link-full_width elementor-widget elementor-widget-icon-list\" data-id=\"a431321\" data-element_type=\"widget\" data-widget_type=\"icon-list.default\">\n\t\t\t\t<div class=\"elementor-widget-container\">\n\t\t\t\t\t\t\t<ul class=\"elementor-icon-list-items\">\n\t\t\t\t\t\t\t<li class=\"elementor-icon-list-item\">\n\t\t\t\t\t\t\t\t\t\t\t<span class=\"elementor-icon-list-icon\">\n\t\t\t\t\t\t\t<i aria-hidden=\"true\" class=\"fas fa-check-circle\"><\/i>\t\t\t\t\t\t<\/span>\n\t\t\t\t\t\t\t\t\t\t<span class=\"elementor-icon-list-text\">Transport procedures  <\/span>\n\t\t\t\t\t\t\t\t\t<\/li>\n\t\t\t\t\t\t\t\t<li class=\"elementor-icon-list-item\">\n\t\t\t\t\t\t\t\t\t\t\t<span class=\"elementor-icon-list-icon\">\n\t\t\t\t\t\t\t<i aria-hidden=\"true\" class=\"fas fa-check-circle\"><\/i>\t\t\t\t\t\t<\/span>\n\t\t\t\t\t\t\t\t\t\t<span class=\"elementor-icon-list-text\">Control procedures  <\/span>\n\t\t\t\t\t\t\t\t\t<\/li>\n\t\t\t\t\t\t\t\t<li class=\"elementor-icon-list-item\">\n\t\t\t\t\t\t\t\t\t\t\t<span class=\"elementor-icon-list-icon\">\n\t\t\t\t\t\t\t<i aria-hidden=\"true\" class=\"fas fa-check-circle\"><\/i>\t\t\t\t\t\t<\/span>\n\t\t\t\t\t\t\t\t\t\t<span class=\"elementor-icon-list-text\">Customs procedures  <\/span>\n\t\t\t\t\t\t\t\t\t<\/li>\n\t\t\t\t\t\t<\/ul>\n\t\t\t\t\t\t<\/div>\n\t\t\t\t<\/div>\n\t\t\t\t\t<\/div>\n\t\t\t\t<\/div>\n\t\t<div class=\"elementor-element elementor-element-01436fc e-flex e-con-boxed e-con e-parent\" data-id=\"01436fc\" data-element_type=\"container\">\n\t\t\t\t\t<div class=\"e-con-inner\">\n\t\t\t\t<div class=\"elementor-element elementor-element-d129b41 elementor-icon-list--layout-traditional elementor-list-item-link-full_width elementor-widget elementor-widget-icon-list\" data-id=\"d129b41\" data-element_type=\"widget\" data-widget_type=\"icon-list.default\">\n\t\t\t\t<div class=\"elementor-widget-container\">\n\t\t\t\t\t\t\t<ul class=\"elementor-icon-list-items\">\n\t\t\t\t\t\t\t<li class=\"elementor-icon-list-item\">\n\t\t\t\t\t\t\t\t\t\t\t<span class=\"elementor-icon-list-icon\">\n\t\t\t\t\t\t\t<i aria-hidden=\"true\" class=\"fas fa-check-circle\"><\/i>\t\t\t\t\t\t<\/span>\n\t\t\t\t\t\t\t\t\t\t<span class=\"elementor-icon-list-text\">Exemption procedures  <\/span>\n\t\t\t\t\t\t\t\t\t<\/li>\n\t\t\t\t\t\t\t\t<li class=\"elementor-icon-list-item\">\n\t\t\t\t\t\t\t\t\t\t\t<span class=\"elementor-icon-list-icon\">\n\t\t\t\t\t\t\t<i aria-hidden=\"true\" class=\"fas fa-check-circle\"><\/i>\t\t\t\t\t\t<\/span>\n\t\t\t\t\t\t\t\t\t\t<span class=\"elementor-icon-list-text\">Original procedures  <\/span>\n\t\t\t\t\t\t\t\t\t<\/li>\n\t\t\t\t\t\t\t\t<li class=\"elementor-icon-list-item\">\n\t\t\t\t\t\t\t\t\t\t\t<span class=\"elementor-icon-list-icon\">\n\t\t\t\t\t\t\t<i aria-hidden=\"true\" class=\"fas fa-check-circle\"><\/i>\t\t\t\t\t\t<\/span>\n\t\t\t\t\t\t\t\t\t\t<span class=\"elementor-icon-list-text\">Decision-making system  <\/span>\n\t\t\t\t\t\t\t\t\t<\/li>\n\t\t\t\t\t\t<\/ul>\n\t\t\t\t\t\t<\/div>\n\t\t\t\t<\/div>\n\t\t\t\t\t<\/div>\n\t\t\t\t<\/div>\n\t\t\t\t\t<\/div>\n\t\t\t\t<\/div>\n\t\t\t\t\t<\/div>\n\t\t\t\t<\/div>\n\t\t\t\t<div class=\"elementor-element elementor-element-c135a5d elementor-widget elementor-widget-button\" data-id=\"c135a5d\" data-element_type=\"widget\" data-widget_type=\"button.default\">\n\t\t\t\t<div class=\"elementor-widget-container\">\n\t\t\t\t\t\t\t\t\t<div class=\"elementor-button-wrapper\">\n\t\t\t\t\t<a class=\"elementor-button elementor-button-link elementor-size-sm elementor-animation-grow\" href=\"https:\/\/dev.jasmineconseil.com\/demosagide\/\">\n\t\t\t\t\t\t<span class=\"elementor-button-content-wrapper\">\n\t\t\t\t\t\t<span class=\"elementor-button-icon\">\n\t\t\t\t<i aria-hidden=\"true\" class=\"fas fa-arrow-right\"><\/i>\t\t\t<\/span>\n\t\t\t\t\t\t\t\t\t<span class=\"elementor-button-text\">Request a demo<\/span>\n\t\t\t\t\t<\/span>\n\t\t\t\t\t<\/a>\n\t\t\t\t<\/div>\n\t\t\t\t\t\t\t\t<\/div>\n\t\t\t\t<\/div>\n\t\t\t\t<\/div>\n\t\t\t\t<\/div>\n\t\t\t\t\t<\/div>\n\t\t\t\t<\/div>\n\t\t<div class=\"elementor-element elementor-element-b2e8c70 e-grid e-con-boxed e-con e-parent\" data-id=\"b2e8c70\" data-element_type=\"container\">\n\t\t\t\t\t<div class=\"e-con-inner\">\n\t\t<div class=\"elementor-element elementor-element-c44f680 e-flex e-con-boxed e-con e-parent\" data-id=\"c44f680\" data-element_type=\"container\" data-settings=\"{&quot;background_background&quot;:&quot;classic&quot;}\">\n\t\t\t\t\t<div class=\"e-con-inner\">\n\t\t\t\t<div class=\"elementor-element elementor-element-b991449 elementor-widget elementor-widget-heading\" data-id=\"b991449\" data-element_type=\"widget\" data-widget_type=\"heading.default\">\n\t\t\t\t<div class=\"elementor-widget-container\">\n\t\t\t\t\t<h2 class=\"elementor-heading-title elementor-size-default\">Want to plan ahead?<\/h2>\t\t\t\t<\/div>\n\t\t\t\t<\/div>\n\t\t\t\t<div class=\"elementor-element elementor-element-b58a239 elementor-widget elementor-widget-text-editor\" data-id=\"b58a239\" data-element_type=\"widget\" data-widget_type=\"text-editor.default\">\n\t\t\t\t<div class=\"elementor-widget-container\">\n\t\t\t\t\t\t\t\t\t<p>Watch the <strong>SAGIDE<\/strong> video demo<\/p>\n\t\t\t\t\t\t\t\t<\/div>\n\t\t\t\t<\/div>\n\t\t\t\t<div class=\"elementor-element elementor-element-0c1ae40 elementor-widget elementor-widget-button\" data-id=\"0c1ae40\" data-element_type=\"widget\" data-widget_type=\"button.default\">\n\t\t\t\t<div class=\"elementor-widget-container\">\n\t\t\t\t\t\t\t\t\t<div class=\"elementor-button-wrapper\">\n\t\t\t\t\t<a class=\"elementor-button elementor-button-link elementor-size-sm elementor-animation-grow\" href=\"https:\/\/dev.jasmineconseil.com\/contact\/\">\n\t\t\t\t\t\t<span class=\"elementor-button-content-wrapper\">\n\t\t\t\t\t\t<span class=\"elementor-button-icon\">\n\t\t\t\t<i aria-hidden=\"true\" class=\"fas fa-arrow-right\"><\/i>\t\t\t<\/span>\n\t\t\t\t\t\t\t\t\t<span class=\"elementor-button-text\">Contact us<\/span>\n\t\t\t\t\t<\/span>\n\t\t\t\t\t<\/a>\n\t\t\t\t<\/div>\n\t\t\t\t\t\t\t\t<\/div>\n\t\t\t\t<\/div>\n\t\t\t\t\t<\/div>\n\t\t\t\t<\/div>\n\t\t\t\t<div class=\"elementor-element elementor-element-a79af97 elementor-widget elementor-widget-video\" data-id=\"a79af97\" data-element_type=\"widget\" data-settings=\"{&quot;youtube_url&quot;:&quot;https:\\\/\\\/youtu.be\\\/C8VBE8MGdbk&quot;,&quot;video_type&quot;:&quot;youtube&quot;,&quot;controls&quot;:&quot;yes&quot;}\" data-widget_type=\"video.default\">\n\t\t\t\t<div class=\"elementor-widget-container\">\n\t\t\t\t\t\t\t<div class=\"elementor-wrapper elementor-open-inline\">\n\t\t\t<div class=\"elementor-video\"><\/div>\t\t<\/div>\n\t\t\t\t\t\t<\/div>\n\t\t\t\t<\/div>\n\t\t\t\t\t<\/div>\n\t\t\t\t<\/div>\n\t\t\t\t<\/div>\n\t\t","protected":false},"excerpt":{"rendered":"<p>Discover our one-stop shop It&#8217;s a single, comprehensive platform that provides a single point of entry to the one-stop shop, enabling you to satisfy all your formalities and digitize them. Request a demo All-in-one! SAGIDE-SW groups together a set of related modules covering customs clearance procedures such as sanitary and phytosanitary certificates, exemption documents, certificates&#8230;<\/p>\n","protected":false},"author":2,"featured_media":0,"parent":0,"menu_order":0,"comment_status":"closed","ping_status":"closed","template":"","meta":{"_kad_post_transparent":"","_kad_post_title":"","_kad_post_layout":"","_kad_post_sidebar_id":"","_kad_post_content_style":"","_kad_post_vertical_padding":"","_kad_post_feature":"","_kad_post_feature_position":"","_kad_post_header":false,"_kad_post_footer":false,"footnotes":""},"class_list":["post-9626","page","type-page","status-publish","hentry"],"yoast_head":"<!-- This site is optimized with the Yoast SEO Premium plugin v20.8 (Yoast SEO v27.3) - https:\/\/yoast.com\/product\/yoast-seo-premium-wordpress\/ -->\n<title>The SAGIDE one-stop shop<\/title>\n<meta name=\"description\" content=\"SAGIDE-SW (Syst\u00e8me Automatis\u00e9 de Gestion et d&#039;Interconnexion Douanier et des \u00c9changes) is a stable platform that simplifies and accelerates customs and trade procedures for both operators and administrations. It offers a complete online environment for processing all transactions. SAGIDE also includes a range of related modules covering customs clearance procedures such as sanitary and phytosanitary certificates, exemption documents, certificates of origin, foreign trade documents (import or export licenses), etc.\" \/>\n<meta name=\"robots\" content=\"index, follow, max-snippet:-1, max-image-preview:large, max-video-preview:-1\" \/>\n<link rel=\"canonical\" href=\"https:\/\/dev.jasmineconseil.com\/en\/guichet-unique-sagide\/\" \/>\n<meta property=\"og:locale\" content=\"en_US\" \/>\n<meta property=\"og:type\" content=\"article\" \/>\n<meta property=\"og:title\" content=\"Guichet Unique SAGIDE\" \/>\n<meta property=\"og:description\" content=\"SAGIDE-SW (Syst\u00e8me Automatis\u00e9 de Gestion et d&#039;Interconnexion Douanier et des \u00c9changes) is a stable platform that simplifies and accelerates customs and trade procedures for both operators and administrations. It offers a complete online environment for processing all transactions. SAGIDE also includes a range of related modules covering customs clearance procedures such as sanitary and phytosanitary certificates, exemption documents, certificates of origin, foreign trade documents (import or export licenses), etc.\" \/>\n<meta property=\"og:url\" content=\"https:\/\/dev.jasmineconseil.com\/en\/guichet-unique-sagide\/\" \/>\n<meta property=\"og:site_name\" content=\"Jasmine Conseil\" \/>\n<meta property=\"article:modified_time\" content=\"2024-10-22T11:43:53+00:00\" \/>\n<meta property=\"og:image\" content=\"https:\/\/dev.jasmineconseil.com\/wp-content\/uploads\/2023\/07\/sagide2-1024x599.png\" \/>\n<meta name=\"twitter:card\" content=\"summary_large_image\" \/>\n<script type=\"application\/ld+json\" class=\"yoast-schema-graph\">{\"@context\":\"https:\\\/\\\/schema.org\",\"@graph\":[{\"@type\":\"WebPage\",\"@id\":\"https:\\\/\\\/dev.jasmineconseil.com\\\/en\\\/guichet-unique-sagide\\\/\",\"url\":\"https:\\\/\\\/dev.jasmineconseil.com\\\/en\\\/guichet-unique-sagide\\\/\",\"name\":\"The SAGIDE one-stop shop\",\"isPartOf\":{\"@id\":\"https:\\\/\\\/dev.jasmineconseil.com\\\/en\\\/#website\"},\"primaryImageOfPage\":{\"@id\":\"https:\\\/\\\/dev.jasmineconseil.com\\\/en\\\/guichet-unique-sagide\\\/#primaryimage\"},\"image\":{\"@id\":\"https:\\\/\\\/dev.jasmineconseil.com\\\/en\\\/guichet-unique-sagide\\\/#primaryimage\"},\"thumbnailUrl\":\"https:\\\/\\\/dev.jasmineconseil.com\\\/wp-content\\\/uploads\\\/2023\\\/07\\\/sagide2-1024x599.png\",\"datePublished\":\"2023-07-11T13:03:38+00:00\",\"dateModified\":\"2024-10-22T11:43:53+00:00\",\"description\":\"SAGIDE-SW (Syst\u00e8me Automatis\u00e9 de Gestion et d'Interconnexion Douanier et des \u00c9changes) is a stable platform that simplifies and accelerates customs and trade procedures for both operators and administrations. It offers a complete online environment for processing all transactions. SAGIDE also includes a range of related modules covering customs clearance procedures such as sanitary and phytosanitary certificates, exemption documents, certificates of origin, foreign trade documents (import or export licenses), etc.\",\"breadcrumb\":{\"@id\":\"https:\\\/\\\/dev.jasmineconseil.com\\\/en\\\/guichet-unique-sagide\\\/#breadcrumb\"},\"inLanguage\":\"en-US\",\"potentialAction\":[{\"@type\":\"ReadAction\",\"target\":[\"https:\\\/\\\/dev.jasmineconseil.com\\\/en\\\/guichet-unique-sagide\\\/\"]}]},{\"@type\":\"ImageObject\",\"inLanguage\":\"en-US\",\"@id\":\"https:\\\/\\\/dev.jasmineconseil.com\\\/en\\\/guichet-unique-sagide\\\/#primaryimage\",\"url\":\"https:\\\/\\\/dev.jasmineconseil.com\\\/wp-content\\\/uploads\\\/2023\\\/07\\\/sagide2-1024x599.png\",\"contentUrl\":\"https:\\\/\\\/dev.jasmineconseil.com\\\/wp-content\\\/uploads\\\/2023\\\/07\\\/sagide2-1024x599.png\"},{\"@type\":\"BreadcrumbList\",\"@id\":\"https:\\\/\\\/dev.jasmineconseil.com\\\/en\\\/guichet-unique-sagide\\\/#breadcrumb\",\"itemListElement\":[{\"@type\":\"ListItem\",\"position\":1,\"name\":\"Home\",\"item\":\"https:\\\/\\\/dev.jasmineconseil.com\\\/en\\\/\"},{\"@type\":\"ListItem\",\"position\":2,\"name\":\"Guichet Unique SAGIDE\"}]},{\"@type\":\"WebSite\",\"@id\":\"https:\\\/\\\/dev.jasmineconseil.com\\\/en\\\/#website\",\"url\":\"https:\\\/\\\/dev.jasmineconseil.com\\\/en\\\/\",\"name\":\"Jasmine Conseil\",\"description\":\"Une vision globale de la transformation num\u00e9rique\",\"publisher\":{\"@id\":\"https:\\\/\\\/dev.jasmineconseil.com\\\/en\\\/#organization\"},\"potentialAction\":[{\"@type\":\"SearchAction\",\"target\":{\"@type\":\"EntryPoint\",\"urlTemplate\":\"https:\\\/\\\/dev.jasmineconseil.com\\\/en\\\/?s={search_term_string}\"},\"query-input\":{\"@type\":\"PropertyValueSpecification\",\"valueRequired\":true,\"valueName\":\"search_term_string\"}}],\"inLanguage\":\"en-US\"},{\"@type\":\"Organization\",\"@id\":\"https:\\\/\\\/dev.jasmineconseil.com\\\/en\\\/#organization\",\"name\":\"Jasmine Conseil\",\"alternateName\":\"JC\",\"url\":\"https:\\\/\\\/dev.jasmineconseil.com\\\/en\\\/\",\"logo\":{\"@type\":\"ImageObject\",\"inLanguage\":\"en-US\",\"@id\":\"https:\\\/\\\/dev.jasmineconseil.com\\\/en\\\/#\\\/schema\\\/logo\\\/image\\\/\",\"url\":\"https:\\\/\\\/dev.jasmineconseil.com\\\/wp-content\\\/uploads\\\/2023\\\/07\\\/cropped-Flower-Transparent.png\",\"contentUrl\":\"https:\\\/\\\/dev.jasmineconseil.com\\\/wp-content\\\/uploads\\\/2023\\\/07\\\/cropped-Flower-Transparent.png\",\"width\":2541,\"height\":1289,\"caption\":\"Jasmine Conseil\"},\"image\":{\"@id\":\"https:\\\/\\\/dev.jasmineconseil.com\\\/en\\\/#\\\/schema\\\/logo\\\/image\\\/\"}}]}<\/script>\n<!-- \/ Yoast SEO Premium plugin. -->","yoast_head_json":{"title":"The SAGIDE one-stop shop","description":"SAGIDE-SW (Syst\u00e8me Automatis\u00e9 de Gestion et d'Interconnexion Douanier et des \u00c9changes) is a stable platform that simplifies and accelerates customs and trade procedures for both operators and administrations. It offers a complete online environment for processing all transactions. SAGIDE also includes a range of related modules covering customs clearance procedures such as sanitary and phytosanitary certificates, exemption documents, certificates of origin, foreign trade documents (import or export licenses), etc.","robots":{"index":"index","follow":"follow","max-snippet":"max-snippet:-1","max-image-preview":"max-image-preview:large","max-video-preview":"max-video-preview:-1"},"canonical":"https:\/\/dev.jasmineconseil.com\/en\/guichet-unique-sagide\/","og_locale":"en_US","og_type":"article","og_title":"Guichet Unique SAGIDE","og_description":"SAGIDE-SW (Syst\u00e8me Automatis\u00e9 de Gestion et d'Interconnexion Douanier et des \u00c9changes) is a stable platform that simplifies and accelerates customs and trade procedures for both operators and administrations. It offers a complete online environment for processing all transactions. SAGIDE also includes a range of related modules covering customs clearance procedures such as sanitary and phytosanitary certificates, exemption documents, certificates of origin, foreign trade documents (import or export licenses), etc.","og_url":"https:\/\/dev.jasmineconseil.com\/en\/guichet-unique-sagide\/","og_site_name":"Jasmine Conseil","article_modified_time":"2024-10-22T11:43:53+00:00","og_image":[{"url":"https:\/\/dev.jasmineconseil.com\/wp-content\/uploads\/2023\/07\/sagide2-1024x599.png","type":"","width":"","height":""}],"twitter_card":"summary_large_image","schema":{"@context":"https:\/\/schema.org","@graph":[{"@type":"WebPage","@id":"https:\/\/dev.jasmineconseil.com\/en\/guichet-unique-sagide\/","url":"https:\/\/dev.jasmineconseil.com\/en\/guichet-unique-sagide\/","name":"The SAGIDE one-stop shop","isPartOf":{"@id":"https:\/\/dev.jasmineconseil.com\/en\/#website"},"primaryImageOfPage":{"@id":"https:\/\/dev.jasmineconseil.com\/en\/guichet-unique-sagide\/#primaryimage"},"image":{"@id":"https:\/\/dev.jasmineconseil.com\/en\/guichet-unique-sagide\/#primaryimage"},"thumbnailUrl":"https:\/\/dev.jasmineconseil.com\/wp-content\/uploads\/2023\/07\/sagide2-1024x599.png","datePublished":"2023-07-11T13:03:38+00:00","dateModified":"2024-10-22T11:43:53+00:00","description":"SAGIDE-SW (Syst\u00e8me Automatis\u00e9 de Gestion et d'Interconnexion Douanier et des \u00c9changes) is a stable platform that simplifies and accelerates customs and trade procedures for both operators and administrations. It offers a complete online environment for processing all transactions. SAGIDE also includes a range of related modules covering customs clearance procedures such as sanitary and phytosanitary certificates, exemption documents, certificates of origin, foreign trade documents (import or export licenses), etc.","breadcrumb":{"@id":"https:\/\/dev.jasmineconseil.com\/en\/guichet-unique-sagide\/#breadcrumb"},"inLanguage":"en-US","potentialAction":[{"@type":"ReadAction","target":["https:\/\/dev.jasmineconseil.com\/en\/guichet-unique-sagide\/"]}]},{"@type":"ImageObject","inLanguage":"en-US","@id":"https:\/\/dev.jasmineconseil.com\/en\/guichet-unique-sagide\/#primaryimage","url":"https:\/\/dev.jasmineconseil.com\/wp-content\/uploads\/2023\/07\/sagide2-1024x599.png","contentUrl":"https:\/\/dev.jasmineconseil.com\/wp-content\/uploads\/2023\/07\/sagide2-1024x599.png"},{"@type":"BreadcrumbList","@id":"https:\/\/dev.jasmineconseil.com\/en\/guichet-unique-sagide\/#breadcrumb","itemListElement":[{"@type":"ListItem","position":1,"name":"Home","item":"https:\/\/dev.jasmineconseil.com\/en\/"},{"@type":"ListItem","position":2,"name":"Guichet Unique SAGIDE"}]},{"@type":"WebSite","@id":"https:\/\/dev.jasmineconseil.com\/en\/#website","url":"https:\/\/dev.jasmineconseil.com\/en\/","name":"Jasmine Conseil","description":"Une vision globale de la transformation num\u00e9rique","publisher":{"@id":"https:\/\/dev.jasmineconseil.com\/en\/#organization"},"potentialAction":[{"@type":"SearchAction","target":{"@type":"EntryPoint","urlTemplate":"https:\/\/dev.jasmineconseil.com\/en\/?s={search_term_string}"},"query-input":{"@type":"PropertyValueSpecification","valueRequired":true,"valueName":"search_term_string"}}],"inLanguage":"en-US"},{"@type":"Organization","@id":"https:\/\/dev.jasmineconseil.com\/en\/#organization","name":"Jasmine Conseil","alternateName":"JC","url":"https:\/\/dev.jasmineconseil.com\/en\/","logo":{"@type":"ImageObject","inLanguage":"en-US","@id":"https:\/\/dev.jasmineconseil.com\/en\/#\/schema\/logo\/image\/","url":"https:\/\/dev.jasmineconseil.com\/wp-content\/uploads\/2023\/07\/cropped-Flower-Transparent.png","contentUrl":"https:\/\/dev.jasmineconseil.com\/wp-content\/uploads\/2023\/07\/cropped-Flower-Transparent.png","width":2541,"height":1289,"caption":"Jasmine Conseil"},"image":{"@id":"https:\/\/dev.jasmineconseil.com\/en\/#\/schema\/logo\/image\/"}}]}},"_links":{"self":[{"href":"https:\/\/dev.jasmineconseil.com\/en\/wp-json\/wp\/v2\/pages\/9626","targetHints":{"allow":["GET"]}}],"collection":[{"href":"https:\/\/dev.jasmineconseil.com\/en\/wp-json\/wp\/v2\/pages"}],"about":[{"href":"https:\/\/dev.jasmineconseil.com\/en\/wp-json\/wp\/v2\/types\/page"}],"author":[{"embeddable":true,"href":"https:\/\/dev.jasmineconseil.com\/en\/wp-json\/wp\/v2\/users\/2"}],"replies":[{"embeddable":true,"href":"https:\/\/dev.jasmineconseil.com\/en\/wp-json\/wp\/v2\/comments?post=9626"}],"version-history":[{"count":1,"href":"https:\/\/dev.jasmineconseil.com\/en\/wp-json\/wp\/v2\/pages\/9626\/revisions"}],"predecessor-version":[{"id":9631,"href":"https:\/\/dev.jasmineconseil.com\/en\/wp-json\/wp\/v2\/pages\/9626\/revisions\/9631"}],"wp:attachment":[{"href":"https:\/\/dev.jasmineconseil.com\/en\/wp-json\/wp\/v2\/media?parent=9626"}],"curies":[{"name":"wp","href":"https:\/\/api.w.org\/{rel}","templated":true}]}}