{"id":9627,"date":"2023-07-07T13:05:40","date_gmt":"2023-07-07T12:05:40","guid":{"rendered":"https:\/\/dev.jasmineconseil.com\/training\/"},"modified":"2024-10-22T12:43:53","modified_gmt":"2024-10-22T11:43:53","slug":"training","status":"publish","type":"page","link":"https:\/\/dev.jasmineconseil.com\/en\/training\/","title":{"rendered":"Training"},"content":{"rendered":"\t\t<div data-elementor-type=\"wp-page\" data-elementor-id=\"9627\" class=\"elementor elementor-9627 elementor-19\" data-elementor-post-type=\"page\">\n\t\t\t\t<div class=\"elementor-element elementor-element-c8a62e4 e-flex e-con-boxed e-con e-parent\" data-id=\"c8a62e4\" data-element_type=\"container\" data-settings=\"{&quot;background_background&quot;:&quot;slideshow&quot;,&quot;background_slideshow_gallery&quot;:[{&quot;id&quot;:1296,&quot;url&quot;:&quot;http:\\\/\\\/dev.jasmineconseil.com\\\/wp-content\\\/uploads\\\/2023\\\/07\\\/jose-aljovin-JZMdGltAHMo-unsplash-scaled.jpg&quot;}],&quot;background_slideshow_loop&quot;:&quot;yes&quot;,&quot;background_slideshow_slide_duration&quot;:5000,&quot;background_slideshow_slide_transition&quot;:&quot;fade&quot;,&quot;background_slideshow_transition_duration&quot;:500}\">\n\t\t\t\t\t<div class=\"e-con-inner\">\n\t\t<div class=\"elementor-element elementor-element-5218821 e-con-full e-flex e-con e-parent\" data-id=\"5218821\" data-element_type=\"container\">\n\t\t\t\t<div class=\"elementor-element elementor-element-a9d2f66 elementor-widget elementor-widget-heading\" data-id=\"a9d2f66\" data-element_type=\"widget\" data-widget_type=\"heading.default\">\n\t\t\t\t<div class=\"elementor-widget-container\">\n\t\t\t\t\t<h2 class=\"elementor-heading-title elementor-size-default\">Discover our diploma courses<\/h2>\t\t\t\t<\/div>\n\t\t\t\t<\/div>\n\t\t\t\t<div class=\"elementor-element elementor-element-c794487 elementor-widget__width-initial elementor-widget-mobile__width-initial elementor-widget elementor-widget-heading\" data-id=\"c794487\" data-element_type=\"widget\" data-widget_type=\"heading.default\">\n\t\t\t\t<div class=\"elementor-widget-container\">\n\t\t\t\t\t<p class=\"elementor-heading-title elementor-size-default\">Jasmine Conseil offers a wide range of training courses, from beginner to advanced level, for all those passionate about personal and professional development.<\/p>\t\t\t\t<\/div>\n\t\t\t\t<\/div>\n\t\t\t\t<\/div>\n\t\t\t\t\t<\/div>\n\t\t\t\t<\/div>\n\t\t<div class=\"elementor-element elementor-element-6f40f9a e-flex e-con-boxed e-con e-parent\" data-id=\"6f40f9a\" data-element_type=\"container\">\n\t\t\t\t\t<div class=\"e-con-inner\">\n\t\t\t\t<div class=\"elementor-element elementor-element-4ebe9d3 e-n-tabs-mobile elementor-widget elementor-widget-n-tabs\" data-id=\"4ebe9d3\" data-element_type=\"widget\" data-settings=\"{&quot;tabs_justify_horizontal&quot;:&quot;start&quot;,&quot;horizontal_scroll_mobile&quot;:&quot;disable&quot;,&quot;horizontal_scroll&quot;:&quot;disable&quot;}\" data-widget_type=\"nested-tabs.default\">\n\t\t\t\t<div class=\"elementor-widget-container\">\n\t\t\t\t\t\t\t<div class=\"e-n-tabs\" data-widget-number=\"82569683\" aria-label=\"Tabs. Open items with Enter or Space, close with Escape and navigate using the Arrow keys.\">\n\t\t\t<div class=\"e-n-tabs-heading\" role=\"tablist\">\n\t\t\t\t\t<button id=\"e-n-tab-title-825696831\" class=\"e-n-tab-title\" aria-selected=\"true\" data-tab-index=\"1\" role=\"tab\" tabindex=\"0\" aria-controls=\"e-n-tab-content-825696831\" style=\"--n-tabs-title-order: 1;\">\n\t\t\t\t\t\t<span class=\"e-n-tab-title-text\">\n\t\t\t\tJasmine Academy\t\t\t<\/span>\n\t\t<\/button>\n\t\t\t\t<button id=\"e-n-tab-title-825696832\" class=\"e-n-tab-title\" aria-selected=\"false\" data-tab-index=\"2\" role=\"tab\" tabindex=\"-1\" aria-controls=\"e-n-tab-content-825696832\" style=\"--n-tabs-title-order: 2;\">\n\t\t\t\t\t\t<span class=\"e-n-tab-title-text\">\n\t\t\t\tCertifications  \t\t\t<\/span>\n\t\t<\/button>\n\t\t\t\t\t<\/div>\n\t\t\t<div class=\"e-n-tabs-content\">\n\t\t\t\t<div id=\"e-n-tab-content-825696831\" role=\"tabpanel\" aria-labelledby=\"e-n-tab-title-825696831\" data-tab-index=\"1\" style=\"--n-tabs-title-order: 1;\" class=\"e-active elementor-element elementor-element-4a87997 e-con-full e-flex e-con e-parent\" data-id=\"4a87997\" data-element_type=\"container\">\n\t\t<div class=\"elementor-element elementor-element-6025602 e-con-full e-flex e-con e-parent\" data-id=\"6025602\" data-element_type=\"container\">\n\t\t<div class=\"elementor-element elementor-element-679548f e-flex e-con-boxed e-con e-parent\" data-id=\"679548f\" data-element_type=\"container\">\n\t\t\t\t\t<div class=\"e-con-inner\">\n\t\t\t\t\t<\/div>\n\t\t\t\t<\/div>\n\t\t\t\t<\/div>\n\t\t\t\t<\/div>\n\t\t<div id=\"e-n-tab-content-825696832\" role=\"tabpanel\" aria-labelledby=\"e-n-tab-title-825696832\" data-tab-index=\"2\" style=\"--n-tabs-title-order: 2;\" class=\" elementor-element elementor-element-8e19a31 e-con-full e-flex e-con e-parent\" data-id=\"8e19a31\" data-element_type=\"container\">\n\t\t<div class=\"elementor-element elementor-element-feda3f2 e-flex e-con-boxed e-con e-parent\" data-id=\"feda3f2\" data-element_type=\"container\">\n\t\t\t\t\t<div class=\"e-con-inner\">\n\t\t\t\t\t<\/div>\n\t\t\t\t<\/div>\n\t\t\t\t<\/div>\n\t\t\t\t\t<\/div>\n\t\t<\/div>\n\t\t\t\t\t\t<\/div>\n\t\t\t\t<\/div>\n\t\t\t\t\t<\/div>\n\t\t\t\t<\/div>\n\t\t\t\t<\/div>\n\t\t","protected":false},"excerpt":{"rendered":"<p>Discover our diploma courses Jasmine Conseil offers a wide range of training courses, from beginner to advanced level, for all those passionate about personal and professional development. Jasmine Academy Certifications Personnalisez et enrichissez les fonctionnalit\u00e9s d&#8217;Anypoint Studio avec les plugins Eclipse MuleSoft Anypoint Platform est Read more Exploration de nouvelles fonctionnalit\u00e9s du d\u00e9corateur d&#8217;entr\u00e9e d&#8217;Angular\u00a0:&#8230;<\/p>\n","protected":false},"author":2,"featured_media":0,"parent":0,"menu_order":0,"comment_status":"closed","ping_status":"closed","template":"","meta":{"_kad_post_transparent":"","_kad_post_title":"","_kad_post_layout":"","_kad_post_sidebar_id":"","_kad_post_content_style":"","_kad_post_vertical_padding":"","_kad_post_feature":"","_kad_post_feature_position":"","_kad_post_header":false,"_kad_post_footer":false,"footnotes":""},"class_list":["post-9627","page","type-page","status-publish","hentry"],"yoast_head":"<!-- This site is optimized with the Yoast SEO Premium plugin v20.8 (Yoast SEO v27.3) - https:\/\/yoast.com\/product\/yoast-seo-premium-wordpress\/ -->\n<title>Training - Jasmine Conseil<\/title>\n<meta name=\"robots\" content=\"index, follow, max-snippet:-1, max-image-preview:large, max-video-preview:-1\" \/>\n<link rel=\"canonical\" href=\"https:\/\/dev.jasmineconseil.com\/en\/training\/\" \/>\n<meta property=\"og:locale\" content=\"en_US\" \/>\n<meta property=\"og:type\" content=\"article\" \/>\n<meta property=\"og:title\" content=\"Training\" \/>\n<meta property=\"og:description\" content=\"Discover our diploma courses Jasmine Conseil offers a wide range of training courses, from beginner to advanced level, for all those passionate about personal and professional development. Jasmine Academy Certifications Personnalisez et enrichissez les fonctionnalit\u00e9s d&#8217;Anypoint Studio avec les plugins Eclipse MuleSoft Anypoint Platform est Read more Exploration de nouvelles fonctionnalit\u00e9s du d\u00e9corateur d&#8217;entr\u00e9e d&#8217;Angular\u00a0:...\" \/>\n<meta property=\"og:url\" content=\"https:\/\/dev.jasmineconseil.com\/en\/training\/\" \/>\n<meta property=\"og:site_name\" content=\"Jasmine Conseil\" \/>\n<meta property=\"article:modified_time\" content=\"2024-10-22T11:43:53+00:00\" \/>\n<meta property=\"og:image\" content=\"https:\/\/dev.jasmineconseil.com\/wp-content\/uploads\/2023\/08\/anypoint-300x203.webp\" \/>\n<meta name=\"twitter:card\" content=\"summary_large_image\" \/>\n<meta name=\"twitter:label1\" content=\"Est. reading time\" \/>\n\t<meta name=\"twitter:data1\" content=\"1 minute\" \/>\n<script type=\"application\/ld+json\" class=\"yoast-schema-graph\">{\"@context\":\"https:\\\/\\\/schema.org\",\"@graph\":[{\"@type\":\"WebPage\",\"@id\":\"https:\\\/\\\/dev.jasmineconseil.com\\\/en\\\/training\\\/\",\"url\":\"https:\\\/\\\/dev.jasmineconseil.com\\\/en\\\/training\\\/\",\"name\":\"Training - Jasmine Conseil\",\"isPartOf\":{\"@id\":\"https:\\\/\\\/dev.jasmineconseil.com\\\/en\\\/#website\"},\"primaryImageOfPage\":{\"@id\":\"https:\\\/\\\/dev.jasmineconseil.com\\\/en\\\/training\\\/#primaryimage\"},\"image\":{\"@id\":\"https:\\\/\\\/dev.jasmineconseil.com\\\/en\\\/training\\\/#primaryimage\"},\"thumbnailUrl\":\"https:\\\/\\\/dev.jasmineconseil.com\\\/wp-content\\\/uploads\\\/2023\\\/08\\\/anypoint-300x203.webp\",\"datePublished\":\"2023-07-07T12:05:40+00:00\",\"dateModified\":\"2024-10-22T11:43:53+00:00\",\"breadcrumb\":{\"@id\":\"https:\\\/\\\/dev.jasmineconseil.com\\\/en\\\/training\\\/#breadcrumb\"},\"inLanguage\":\"en-US\",\"potentialAction\":[{\"@type\":\"ReadAction\",\"target\":[\"https:\\\/\\\/dev.jasmineconseil.com\\\/en\\\/training\\\/\"]}]},{\"@type\":\"ImageObject\",\"inLanguage\":\"en-US\",\"@id\":\"https:\\\/\\\/dev.jasmineconseil.com\\\/en\\\/training\\\/#primaryimage\",\"url\":\"https:\\\/\\\/dev.jasmineconseil.com\\\/wp-content\\\/uploads\\\/2023\\\/08\\\/anypoint-300x203.webp\",\"contentUrl\":\"https:\\\/\\\/dev.jasmineconseil.com\\\/wp-content\\\/uploads\\\/2023\\\/08\\\/anypoint-300x203.webp\"},{\"@type\":\"BreadcrumbList\",\"@id\":\"https:\\\/\\\/dev.jasmineconseil.com\\\/en\\\/training\\\/#breadcrumb\",\"itemListElement\":[{\"@type\":\"ListItem\",\"position\":1,\"name\":\"Home\",\"item\":\"https:\\\/\\\/dev.jasmineconseil.com\\\/en\\\/\"},{\"@type\":\"ListItem\",\"position\":2,\"name\":\"Training\"}]},{\"@type\":\"WebSite\",\"@id\":\"https:\\\/\\\/dev.jasmineconseil.com\\\/en\\\/#website\",\"url\":\"https:\\\/\\\/dev.jasmineconseil.com\\\/en\\\/\",\"name\":\"Jasmine Conseil\",\"description\":\"Une vision globale de la transformation num\u00e9rique\",\"publisher\":{\"@id\":\"https:\\\/\\\/dev.jasmineconseil.com\\\/en\\\/#organization\"},\"potentialAction\":[{\"@type\":\"SearchAction\",\"target\":{\"@type\":\"EntryPoint\",\"urlTemplate\":\"https:\\\/\\\/dev.jasmineconseil.com\\\/en\\\/?s={search_term_string}\"},\"query-input\":{\"@type\":\"PropertyValueSpecification\",\"valueRequired\":true,\"valueName\":\"search_term_string\"}}],\"inLanguage\":\"en-US\"},{\"@type\":\"Organization\",\"@id\":\"https:\\\/\\\/dev.jasmineconseil.com\\\/en\\\/#organization\",\"name\":\"Jasmine Conseil\",\"alternateName\":\"JC\",\"url\":\"https:\\\/\\\/dev.jasmineconseil.com\\\/en\\\/\",\"logo\":{\"@type\":\"ImageObject\",\"inLanguage\":\"en-US\",\"@id\":\"https:\\\/\\\/dev.jasmineconseil.com\\\/en\\\/#\\\/schema\\\/logo\\\/image\\\/\",\"url\":\"https:\\\/\\\/dev.jasmineconseil.com\\\/wp-content\\\/uploads\\\/2023\\\/07\\\/cropped-Flower-Transparent.png\",\"contentUrl\":\"https:\\\/\\\/dev.jasmineconseil.com\\\/wp-content\\\/uploads\\\/2023\\\/07\\\/cropped-Flower-Transparent.png\",\"width\":2541,\"height\":1289,\"caption\":\"Jasmine Conseil\"},\"image\":{\"@id\":\"https:\\\/\\\/dev.jasmineconseil.com\\\/en\\\/#\\\/schema\\\/logo\\\/image\\\/\"}}]}<\/script>\n<!-- \/ Yoast SEO Premium plugin. -->","yoast_head_json":{"title":"Training - Jasmine Conseil","robots":{"index":"index","follow":"follow","max-snippet":"max-snippet:-1","max-image-preview":"max-image-preview:large","max-video-preview":"max-video-preview:-1"},"canonical":"https:\/\/dev.jasmineconseil.com\/en\/training\/","og_locale":"en_US","og_type":"article","og_title":"Training","og_description":"Discover our diploma courses Jasmine Conseil offers a wide range of training courses, from beginner to advanced level, for all those passionate about personal and professional development. Jasmine Academy Certifications Personnalisez et enrichissez les fonctionnalit\u00e9s d&#8217;Anypoint Studio avec les plugins Eclipse MuleSoft Anypoint Platform est Read more Exploration de nouvelles fonctionnalit\u00e9s du d\u00e9corateur d&#8217;entr\u00e9e d&#8217;Angular\u00a0:...","og_url":"https:\/\/dev.jasmineconseil.com\/en\/training\/","og_site_name":"Jasmine Conseil","article_modified_time":"2024-10-22T11:43:53+00:00","og_image":[{"url":"https:\/\/dev.jasmineconseil.com\/wp-content\/uploads\/2023\/08\/anypoint-300x203.webp","type":"","width":"","height":""}],"twitter_card":"summary_large_image","twitter_misc":{"Est. reading time":"1 minute"},"schema":{"@context":"https:\/\/schema.org","@graph":[{"@type":"WebPage","@id":"https:\/\/dev.jasmineconseil.com\/en\/training\/","url":"https:\/\/dev.jasmineconseil.com\/en\/training\/","name":"Training - Jasmine Conseil","isPartOf":{"@id":"https:\/\/dev.jasmineconseil.com\/en\/#website"},"primaryImageOfPage":{"@id":"https:\/\/dev.jasmineconseil.com\/en\/training\/#primaryimage"},"image":{"@id":"https:\/\/dev.jasmineconseil.com\/en\/training\/#primaryimage"},"thumbnailUrl":"https:\/\/dev.jasmineconseil.com\/wp-content\/uploads\/2023\/08\/anypoint-300x203.webp","datePublished":"2023-07-07T12:05:40+00:00","dateModified":"2024-10-22T11:43:53+00:00","breadcrumb":{"@id":"https:\/\/dev.jasmineconseil.com\/en\/training\/#breadcrumb"},"inLanguage":"en-US","potentialAction":[{"@type":"ReadAction","target":["https:\/\/dev.jasmineconseil.com\/en\/training\/"]}]},{"@type":"ImageObject","inLanguage":"en-US","@id":"https:\/\/dev.jasmineconseil.com\/en\/training\/#primaryimage","url":"https:\/\/dev.jasmineconseil.com\/wp-content\/uploads\/2023\/08\/anypoint-300x203.webp","contentUrl":"https:\/\/dev.jasmineconseil.com\/wp-content\/uploads\/2023\/08\/anypoint-300x203.webp"},{"@type":"BreadcrumbList","@id":"https:\/\/dev.jasmineconseil.com\/en\/training\/#breadcrumb","itemListElement":[{"@type":"ListItem","position":1,"name":"Home","item":"https:\/\/dev.jasmineconseil.com\/en\/"},{"@type":"ListItem","position":2,"name":"Training"}]},{"@type":"WebSite","@id":"https:\/\/dev.jasmineconseil.com\/en\/#website","url":"https:\/\/dev.jasmineconseil.com\/en\/","name":"Jasmine Conseil","description":"Une vision globale de la transformation num\u00e9rique","publisher":{"@id":"https:\/\/dev.jasmineconseil.com\/en\/#organization"},"potentialAction":[{"@type":"SearchAction","target":{"@type":"EntryPoint","urlTemplate":"https:\/\/dev.jasmineconseil.com\/en\/?s={search_term_string}"},"query-input":{"@type":"PropertyValueSpecification","valueRequired":true,"valueName":"search_term_string"}}],"inLanguage":"en-US"},{"@type":"Organization","@id":"https:\/\/dev.jasmineconseil.com\/en\/#organization","name":"Jasmine Conseil","alternateName":"JC","url":"https:\/\/dev.jasmineconseil.com\/en\/","logo":{"@type":"ImageObject","inLanguage":"en-US","@id":"https:\/\/dev.jasmineconseil.com\/en\/#\/schema\/logo\/image\/","url":"https:\/\/dev.jasmineconseil.com\/wp-content\/uploads\/2023\/07\/cropped-Flower-Transparent.png","contentUrl":"https:\/\/dev.jasmineconseil.com\/wp-content\/uploads\/2023\/07\/cropped-Flower-Transparent.png","width":2541,"height":1289,"caption":"Jasmine Conseil"},"image":{"@id":"https:\/\/dev.jasmineconseil.com\/en\/#\/schema\/logo\/image\/"}}]}},"_links":{"self":[{"href":"https:\/\/dev.jasmineconseil.com\/en\/wp-json\/wp\/v2\/pages\/9627","targetHints":{"allow":["GET"]}}],"collection":[{"href":"https:\/\/dev.jasmineconseil.com\/en\/wp-json\/wp\/v2\/pages"}],"about":[{"href":"https:\/\/dev.jasmineconseil.com\/en\/wp-json\/wp\/v2\/types\/page"}],"author":[{"embeddable":true,"href":"https:\/\/dev.jasmineconseil.com\/en\/wp-json\/wp\/v2\/users\/2"}],"replies":[{"embeddable":true,"href":"https:\/\/dev.jasmineconseil.com\/en\/wp-json\/wp\/v2\/comments?post=9627"}],"version-history":[{"count":1,"href":"https:\/\/dev.jasmineconseil.com\/en\/wp-json\/wp\/v2\/pages\/9627\/revisions"}],"predecessor-version":[{"id":9629,"href":"https:\/\/dev.jasmineconseil.com\/en\/wp-json\/wp\/v2\/pages\/9627\/revisions\/9629"}],"wp:attachment":[{"href":"https:\/\/dev.jasmineconseil.com\/en\/wp-json\/wp\/v2\/media?parent=9627"}],"curies":[{"name":"wp","href":"https:\/\/api.w.org\/{rel}","templated":true}]}}